{"id":42,"date":"2021-01-23T12:02:54","date_gmt":"2021-01-23T12:02:54","guid":{"rendered":"http:\/\/kommapunkt-korrektorat.com\/?page_id=42"},"modified":"2025-01-15T17:04:52","modified_gmt":"2025-01-15T17:04:52","slug":"referenzen","status":"publish","type":"page","link":"https:\/\/kommapunkt-korrektorat.com\/?page_id=42","title":{"rendered":"Referenzen"},"content":{"rendered":"\t\t<div data-elementor-type=\"wp-page\" data-elementor-id=\"42\" class=\"elementor elementor-42\">\n\t\t\t\t\t\t<section class=\"elementor-section elementor-top-section elementor-element elementor-element-a8e1d0d elementor-section-boxed elementor-section-height-default elementor-section-height-default\" data-id=\"a8e1d0d\" data-element_type=\"section\" data-e-type=\"section\">\n\t\t\t\t\t\t<div class=\"elementor-container elementor-column-gap-default\">\n\t\t\t\t\t<div class=\"elementor-column elementor-col-100 elementor-top-column elementor-element elementor-element-18af669\" data-id=\"18af669\" data-element_type=\"column\" data-e-type=\"column\">\n\t\t\t<div class=\"elementor-widget-wrap elementor-element-populated\">\n\t\t\t\t\t\t<div class=\"elementor-element elementor-element-36ea0ba elementor-widget elementor-widget-spacer\" data-id=\"36ea0ba\" data-element_type=\"widget\" data-e-type=\"widget\" data-widget_type=\"spacer.default\">\n\t\t\t\t<div class=\"elementor-widget-container\">\n\t\t\t\t\t\t\t<div class=\"elementor-spacer\">\n\t\t\t<div class=\"elementor-spacer-inner\"><\/div>\n\t\t<\/div>\n\t\t\t\t\t\t<\/div>\n\t\t\t\t<\/div>\n\t\t\t\t<div class=\"elementor-element elementor-element-14a60fd elementor-widget elementor-widget-text-editor\" data-id=\"14a60fd\" data-element_type=\"widget\" data-e-type=\"widget\" data-widget_type=\"text-editor.default\">\n\t\t\t\t<div class=\"elementor-widget-container\">\n\t\t\t\t\t\t\t\t\t<h1>Referenzen<\/h1><h5>Unsere Kund*innen \u2013 mit Freude haben wir f\u00fcr sie folgende Korrekturauftr\u00e4ge ausgef\u00fchrt:<\/h5><ul><li><a href=\"https:\/\/bildungbern.ch\/\">Bildung Bern<\/a>, Zeitschriften<a href=\"https:\/\/www.bildungbern.ch\/publikationen\"> <em>Berner Schule<\/em> und <em>Schulpraxis<\/em><\/a><\/li><li><a href=\"https:\/\/www.gewa.ch\/\">Gewa<\/a>, Magazin <a href=\"https:\/\/www.gewa.ch\/unternehmensmagazin\"><em>gewagt<\/em><\/a><\/li><li><a href=\"https:\/\/hi-schweiz.ch\/\">HI Schweiz<\/a>, Magazin <em><a href=\"https:\/\/hi-schweiz.ch\/journal\">HI Journal<\/a><\/em><\/li><li><a href=\"https:\/\/www.bischoefe.ch\/\">Schweizer Bischofskonferenz<\/a>, Jahresbericht<\/li><li><a href=\"https:\/\/www.agrarmedien.ch\/\">Schweizer Agrarmedien<\/a>, Artikel der Wochenzeitung<em> <a href=\"https:\/\/www.bauernzeitung.ch\/\">BauernZeitung\u00a0<\/a><\/em>und der Monatszeitschrift <a href=\"https:\/\/www.diegruene.ch\/\"><em>die gr\u00fcne<\/em><\/a><\/li><li><a href=\"https:\/\/zeughausteufen.ch\/\">Zeughaus Teufen<\/a>, Ausstellungspublikationen, Saal- und Flyertexte<\/li><li><a href=\"https:\/\/www.fotomuseum.ch\/de\/\">Fotomuseum Winterthur<\/a>, Ausstellungspublikation<\/li><li><a href=\"https:\/\/www.bellpark.ch\/\">Museum im Bellpark<\/a>, Saaltexte<\/li><li><a href=\"https:\/\/letsmuseeum.com\/\">#letsmuseeum<\/a>, Website und Museumsbrosch\u00fcren<\/li><li><span lang=\"DE-CH\"><a href=\"https:\/\/www.foodzurich.com\/de\/\">FOOD ZURICH<\/a>, Website und Festivalprogramm<\/span><\/li><li><a href=\"https:\/\/www.jordibelp.ch\/\">Jordi AG<\/a>, div. Periodika<\/li><li><a href=\"https:\/\/creabeton.ch\/\">Creabeton AG<\/a>, Brosch\u00fcren und Marketingtexte<\/li><li><a href=\"https:\/\/dpsuisse.ch\/de\/home\">dpsuisse<\/a> (Dachverband der schweizerischen grafischen Industrie), Zwischentest Ausbildung Polygraf*innen<\/li><li>Angela Melody Kummer, Reiseillustration, <a href=\"https:\/\/angelamelody.ch\/\">Website <\/a><\/li><li>Sarah Castiglioni, <a href=\"https:\/\/www.hebammenpraxis-stgallen.ch\/\">Hebammenpraxis St. Gallen<\/a>, Brosch\u00fcren<\/li><li>Nicolas Jossi, <a href=\"https:\/\/creasquare.ch\/\">Creasquare<\/a>, Diplomarbeit f\u00fcr die <a href=\"https:\/\/www.sfgb-b.ch\/bildungsangebote\/hoehere-fachschule-hf\/hf-medienwirtschaft-und-medienmanagement\">H\u00f6here Fachschule f\u00fcr Medienwirtschaft und Management<\/a><\/li><li>Ursula Ohnewein, Tier\u00e4rztin, Diplomarbeit f\u00fcr die <a href=\"https:\/\/www.unibas.ch\/de.html\">Universit\u00e4t Basel<\/a><\/li><li>Lea Anderegg, Autorin, Buchprojekt<\/li><li><a href=\"https:\/\/www.fhnw.ch\/de\/startseite\">Fachhochschule Nordwestschweiz<\/a>, <a href=\"https:\/\/www.fhnw.ch\/de\/die-fhnw\/hochschulen\/hsw\">Hochschule f\u00fcr Wirtschaft<\/a>, div. Masterarbeiten<\/li><li><a href=\"https:\/\/www.gbsl.ch\/\">Gymnasium Biel-Seeland<\/a>, div. Maturaarbeiten<\/li><li><a href=\"https:\/\/www.ipsach.ch\/de\/bildung\/kindergarten-und-primarschule\/\">Primarschule Ipsach<\/a>, Newsletter, Website<\/li><\/ul>\t\t\t\t\t\t\t\t<\/div>\n\t\t\t\t<\/div>\n\t\t\t\t\t<\/div>\n\t\t<\/div>\n\t\t\t\t\t<\/div>\n\t\t<\/section>\n\t\t\t\t<section class=\"elementor-section elementor-top-section elementor-element elementor-element-30b1e33 elementor-section-boxed elementor-section-height-default elementor-section-height-default\" data-id=\"30b1e33\" data-element_type=\"section\" data-e-type=\"section\">\n\t\t\t\t\t\t<div class=\"elementor-container elementor-column-gap-no\">\n\t\t\t\t\t<div class=\"elementor-column elementor-col-100 elementor-top-column elementor-element elementor-element-18a9a8b\" data-id=\"18a9a8b\" data-element_type=\"column\" data-e-type=\"column\">\n\t\t\t<div class=\"elementor-widget-wrap elementor-element-populated\">\n\t\t\t\t\t\t<div class=\"elementor-element elementor-element-047332e elementor-widget elementor-widget-text-editor\" data-id=\"047332e\" data-element_type=\"widget\" data-e-type=\"widget\" data-widget_type=\"text-editor.default\">\n\t\t\t\t<div class=\"elementor-widget-container\">\n\t\t\t\t\t\t\t\t\t<h5>\u00a0\u00a0 Unsere Partner*innen \u2013 wir empfehlen sie w\u00e4rmstens weiter:<\/h5>\t\t\t\t\t\t\t\t<\/div>\n\t\t\t\t<\/div>\n\t\t\t\t\t<\/div>\n\t\t<\/div>\n\t\t\t\t\t<\/div>\n\t\t<\/section>\n\t\t\t\t<section class=\"elementor-section elementor-top-section elementor-element elementor-element-8288b6a elementor-section-boxed elementor-section-height-default elementor-section-height-default\" data-id=\"8288b6a\" data-element_type=\"section\" data-e-type=\"section\">\n\t\t\t\t\t\t<div class=\"elementor-container elementor-column-gap-default\">\n\t\t\t\t\t<div class=\"elementor-column elementor-col-100 elementor-top-column elementor-element elementor-element-3013d50\" data-id=\"3013d50\" data-element_type=\"column\" data-e-type=\"column\">\n\t\t\t<div class=\"elementor-widget-wrap elementor-element-populated\">\n\t\t\t\t\t\t<div class=\"elementor-element elementor-element-7b1e0c1 elementor-widget elementor-widget-image\" data-id=\"7b1e0c1\" data-element_type=\"widget\" data-e-type=\"widget\" data-widget_type=\"image.default\">\n\t\t\t\t<div class=\"elementor-widget-container\">\n\t\t\t\t\t\t\t\t\t\t\t\t\t\t\t<img decoding=\"async\" src=\"https:\/\/kommapunkt-korrektorat.com\/wp-content\/uploads\/elementor\/thumbs\/Oldfox_Logo_3-pd1yeo3y16xtg47ezsksj1kmwe7kl381s2f61nuku8.png\" title=\"Oldfox_Logo_3\" alt=\"Oldfox_Logo_3\" loading=\"lazy\" \/>\t\t\t\t\t\t\t\t\t\t\t\t\t\t\t<\/div>\n\t\t\t\t<\/div>\n\t\t\t\t\t<\/div>\n\t\t<\/div>\n\t\t\t\t\t<\/div>\n\t\t<\/section>\n\t\t\t\t<section class=\"elementor-section elementor-top-section elementor-element elementor-element-1c2a08e elementor-section-boxed elementor-section-height-default elementor-section-height-default\" data-id=\"1c2a08e\" data-element_type=\"section\" data-e-type=\"section\">\n\t\t\t\t\t\t<div class=\"elementor-container elementor-column-gap-no\">\n\t\t\t\t\t<div class=\"elementor-column elementor-col-100 elementor-top-column elementor-element elementor-element-dcac444\" data-id=\"dcac444\" data-element_type=\"column\" data-e-type=\"column\">\n\t\t\t<div class=\"elementor-widget-wrap elementor-element-populated\">\n\t\t\t\t\t\t<div class=\"elementor-element elementor-element-0429d83 elementor-widget elementor-widget-text-editor\" data-id=\"0429d83\" data-element_type=\"widget\" data-e-type=\"widget\" data-widget_type=\"text-editor.default\">\n\t\t\t\t<div class=\"elementor-widget-container\">\n\t\t\t\t\t\t\t\t\t<p>Monica Gr\u00fctter, Polygrafin, <a href=\"mailto:monica.gruetter@oldfox.ch\">monica.gruetter@oldfox.ch<\/a>, Layout von Logo und Drucksachen f\u00fcr <a href=\"http:\/\/www.kommapunkt-korrektorat.com\">www.kommapunkt-korrektorat.com<\/a>. Ideenreiche Spezialistin f\u00fcr Grafik, Design und Layout von Print- und Online-Produkten.<\/p><p>Ursula Ohnewein, fotografische Gestaltung f\u00fcr <a href=\"http:\/\/www.kommapunkt-korrektorat.com\">www.kommapunkt-korrektorat.com<\/a>. Fotografin mit kreativem Blick f\u00fcr originelle Fotomotive, <a href=\"http:\/\/www.uo-foto.ch\">www.uo-foto.ch<\/a>.<\/p>\t\t\t\t\t\t\t\t<\/div>\n\t\t\t\t<\/div>\n\t\t\t\t<div class=\"elementor-element elementor-element-f4b6338 elementor-widget elementor-widget-spacer\" data-id=\"f4b6338\" data-element_type=\"widget\" data-e-type=\"widget\" data-widget_type=\"spacer.default\">\n\t\t\t\t<div class=\"elementor-widget-container\">\n\t\t\t\t\t\t\t<div class=\"elementor-spacer\">\n\t\t\t<div class=\"elementor-spacer-inner\"><\/div>\n\t\t<\/div>\n\t\t\t\t\t\t<\/div>\n\t\t\t\t<\/div>\n\t\t\t\t\t<\/div>\n\t\t<\/div>\n\t\t\t\t\t<\/div>\n\t\t<\/section>\n\t\t\t\t<\/div>\n\t\t","protected":false},"excerpt":{"rendered":"<p>Referenzen Unsere Kund*innen \u2013 mit Freude haben wir f\u00fcr sie folgende Korrekturauftr\u00e4ge ausgef\u00fchrt: Bildung Bern, Zeitschriften Berner Schule und Schulpraxis Gewa, Magazin gewagt HI Schweiz, Magazin HI Journal Schweizer Bischofskonferenz, Jahresbericht Schweizer Agrarmedien, Artikel der Wochenzeitung BauernZeitung\u00a0und der Monatszeitschrift die gr\u00fcne Zeughaus Teufen, Ausstellungspublikationen, Saal- und Flyertexte Fotomuseum Winterthur, Ausstellungspublikation Museum im Bellpark, Saaltexte #letsmuseeum, [&hellip;]<\/p>\n","protected":false},"author":1,"featured_media":0,"parent":0,"menu_order":0,"comment_status":"closed","ping_status":"closed","template":"","meta":{"ocean_post_layout":"full-screen","ocean_both_sidebars_style":"","ocean_both_sidebars_content_width":0,"ocean_both_sidebars_sidebars_width":0,"ocean_sidebar":"0","ocean_second_sidebar":"0","ocean_disable_margins":"enable","ocean_add_body_class":"","ocean_shortcode_before_top_bar":"","ocean_shortcode_after_top_bar":"","ocean_shortcode_before_header":"","ocean_shortcode_after_header":"","ocean_has_shortcode":"","ocean_shortcode_after_title":"","ocean_shortcode_before_footer_widgets":"","ocean_shortcode_after_footer_widgets":"","ocean_shortcode_before_footer_bottom":"","ocean_shortcode_after_footer_bottom":"","ocean_display_top_bar":"default","ocean_display_header":"default","ocean_header_style":"","ocean_center_header_left_menu":"0","ocean_custom_header_template":"0","ocean_custom_logo":0,"ocean_custom_retina_logo":0,"ocean_custom_logo_max_width":0,"ocean_custom_logo_tablet_max_width":0,"ocean_custom_logo_mobile_max_width":0,"ocean_custom_logo_max_height":0,"ocean_custom_logo_tablet_max_height":0,"ocean_custom_logo_mobile_max_height":0,"ocean_header_custom_menu":"0","ocean_menu_typo_font_family":"0","ocean_menu_typo_font_subset":"","ocean_menu_typo_font_size":0,"ocean_menu_typo_font_size_tablet":0,"ocean_menu_typo_font_size_mobile":0,"ocean_menu_typo_font_size_unit":"px","ocean_menu_typo_font_weight":"","ocean_menu_typo_font_weight_tablet":"","ocean_menu_typo_font_weight_mobile":"","ocean_menu_typo_transform":"","ocean_menu_typo_transform_tablet":"","ocean_menu_typo_transform_mobile":"","ocean_menu_typo_line_height":0,"ocean_menu_typo_line_height_tablet":0,"ocean_menu_typo_line_height_mobile":0,"ocean_menu_typo_line_height_unit":"","ocean_menu_typo_spacing":0,"ocean_menu_typo_spacing_tablet":0,"ocean_menu_typo_spacing_mobile":0,"ocean_menu_typo_spacing_unit":"","ocean_menu_link_color":"","ocean_menu_link_color_hover":"","ocean_menu_link_color_active":"","ocean_menu_link_background":"","ocean_menu_link_hover_background":"","ocean_menu_link_active_background":"","ocean_menu_social_links_bg":"","ocean_menu_social_hover_links_bg":"","ocean_menu_social_links_color":"","ocean_menu_social_hover_links_color":"","ocean_disable_title":"on","ocean_disable_heading":"default","ocean_post_title":"","ocean_post_subheading":"","ocean_post_title_style":"","ocean_post_title_background_color":"","ocean_post_title_background":0,"ocean_post_title_bg_image_position":"","ocean_post_title_bg_image_attachment":"","ocean_post_title_bg_image_repeat":"","ocean_post_title_bg_image_size":"","ocean_post_title_height":0,"ocean_post_title_bg_overlay":0.5,"ocean_post_title_bg_overlay_color":"","ocean_disable_breadcrumbs":"default","ocean_breadcrumbs_color":"","ocean_breadcrumbs_separator_color":"","ocean_breadcrumbs_links_color":"","ocean_breadcrumbs_links_hover_color":"","ocean_display_footer_widgets":"default","ocean_display_footer_bottom":"default","ocean_custom_footer_template":"0","footnotes":""},"class_list":["post-42","page","type-page","status-publish","hentry","entry"],"_links":{"self":[{"href":"https:\/\/kommapunkt-korrektorat.com\/index.php?rest_route=\/wp\/v2\/pages\/42","targetHints":{"allow":["GET"]}}],"collection":[{"href":"https:\/\/kommapunkt-korrektorat.com\/index.php?rest_route=\/wp\/v2\/pages"}],"about":[{"href":"https:\/\/kommapunkt-korrektorat.com\/index.php?rest_route=\/wp\/v2\/types\/page"}],"author":[{"embeddable":true,"href":"https:\/\/kommapunkt-korrektorat.com\/index.php?rest_route=\/wp\/v2\/users\/1"}],"replies":[{"embeddable":true,"href":"https:\/\/kommapunkt-korrektorat.com\/index.php?rest_route=%2Fwp%2Fv2%2Fcomments&post=42"}],"version-history":[{"count":294,"href":"https:\/\/kommapunkt-korrektorat.com\/index.php?rest_route=\/wp\/v2\/pages\/42\/revisions"}],"predecessor-version":[{"id":1934,"href":"https:\/\/kommapunkt-korrektorat.com\/index.php?rest_route=\/wp\/v2\/pages\/42\/revisions\/1934"}],"wp:attachment":[{"href":"https:\/\/kommapunkt-korrektorat.com\/index.php?rest_route=%2Fwp%2Fv2%2Fmedia&parent=42"}],"curies":[{"name":"wp","href":"https:\/\/api.w.org\/{rel}","templated":true}]}}